{"id":2,"date":"2018-06-12T10:00:31","date_gmt":"2018-06-12T08:00:31","guid":{"rendered":"http:\/\/journalcologne.hmkw.de\/eingeveedelt\/?page_id=2"},"modified":"2019-08-02T16:42:13","modified_gmt":"2019-08-02T14:42:13","slug":"beispiel-seite","status":"publish","type":"page","link":"http:\/\/journalcologne.hmkw.de\/eingeveedelt\/beispiel-seite\/","title":{"rendered":"Wir \u00fcber uns"},"content":{"rendered":"<p>Wir \u2013 das sind Joana, Ariane, Jan, Kai, Jo\u00ebl, Celine, Anika, Karla und Melina. Wir sind im Alter von 21 bis 28 Jahren und studieren gemeinsam im \u00a0Masterstudiengang Konvergenter Journalismus an der HMKW in K\u00f6ln-Zollstock.<\/p>\n<p>Neben spannenden und lustigen Geschichten haben wir hier auf unserem Blog auch wissenswerte Fakten zusammengetragen und interessante Gespr\u00e4che gef\u00fchrt.\u00a0Klickt, lest, schaut und h\u00f6rt Euch um \u2013 sch\u00f6n, dass ihr da seid!<\/p>\n<p><a href=\"http:\/\/journalcologne.hmkw.de\/eingeveedelt\/wp-content\/uploads\/sites\/139\/2019\/07\/E5EDB8E0-F527-4B32-B952-9CA5822A7AB8.jpg\"><img loading=\"lazy\" class=\"size-medium wp-image-1234\" src=\"http:\/\/journalcologne.hmkw.de\/eingeveedelt\/wp-content\/uploads\/sites\/139\/2019\/07\/E5EDB8E0-F527-4B32-B952-9CA5822A7AB8-300x300.jpg\" alt=\"\" width=\"300\" height=\"300\" srcset=\"http:\/\/journalcologne.hmkw.de\/eingeveedelt\/wp-content\/uploads\/sites\/139\/2019\/07\/E5EDB8E0-F527-4B32-B952-9CA5822A7AB8-300x300.jpg 300w, http:\/\/journalcologne.hmkw.de\/eingeveedelt\/wp-content\/uploads\/sites\/139\/2019\/07\/E5EDB8E0-F527-4B32-B952-9CA5822A7AB8-150x150.jpg 150w, http:\/\/journalcologne.hmkw.de\/eingeveedelt\/wp-content\/uploads\/sites\/139\/2019\/07\/E5EDB8E0-F527-4B32-B952-9CA5822A7AB8-768x769.jpg 768w, http:\/\/journalcologne.hmkw.de\/eingeveedelt\/wp-content\/uploads\/sites\/139\/2019\/07\/E5EDB8E0-F527-4B32-B952-9CA5822A7AB8-1024x1024.jpg 1024w, http:\/\/journalcologne.hmkw.de\/eingeveedelt\/wp-content\/uploads\/sites\/139\/2019\/07\/E5EDB8E0-F527-4B32-B952-9CA5822A7AB8-810x810.jpg 810w\" sizes=\"(max-width: 300px) 100vw, 300px\" \/><\/a><\/p>\n<p><strong>Joana<\/strong>\u00a0wohnt seit Oktober 2018 in K\u00f6ln und kommt aus dem Dunstkreis Offenbach. Haftbefehl kennt sie nicht pers\u00f6nlich. Apfelwein und gr\u00fcne So\u00dfe kennt sie aber sehr wohl. Sie ist die Sneaker-Expertin unter uns und mit Podcasts, Hiphop und Stand Up kennt sie sich, wie sie immer so sch\u00f6n sagt, &#8222;mittel gut&#8220; aus.<\/p>\n<p><strong><a href=\"http:\/\/journalcologne.hmkw.de\/eingeveedelt\/wp-content\/uploads\/sites\/139\/2019\/07\/Bildschirmfoto-2019-07-09-um-10.03.21.png\"><img loading=\"lazy\" class=\"alignnone size-medium wp-image-1061\" src=\"http:\/\/journalcologne.hmkw.de\/eingeveedelt\/wp-content\/uploads\/sites\/139\/2019\/07\/Bildschirmfoto-2019-07-09-um-10.03.21-298x300.png\" alt=\"\" width=\"298\" height=\"300\" srcset=\"http:\/\/journalcologne.hmkw.de\/eingeveedelt\/wp-content\/uploads\/sites\/139\/2019\/07\/Bildschirmfoto-2019-07-09-um-10.03.21-298x300.png 298w, http:\/\/journalcologne.hmkw.de\/eingeveedelt\/wp-content\/uploads\/sites\/139\/2019\/07\/Bildschirmfoto-2019-07-09-um-10.03.21-150x150.png 150w, http:\/\/journalcologne.hmkw.de\/eingeveedelt\/wp-content\/uploads\/sites\/139\/2019\/07\/Bildschirmfoto-2019-07-09-um-10.03.21.png 598w\" sizes=\"(max-width: 298px) 100vw, 298px\" \/><\/a><\/strong><\/p>\n<p><strong>Ariane<\/strong> kommt jeden Tag aus der sch\u00f6nen Eifel nach K\u00f6ln. Sie liebt Musik &#8211; vor allem Rock und Metal &#8211; Theater, Satire und Politik. Fernsehen ist ihre Leidenschaft, deswegen steht sie gern hinter und vor der Kamera. Egal wo sie ist bringt sie die Menschen, die mit ihr zusammen sind, gern zum lachen!<\/p>\n<p><strong><a href=\"http:\/\/journalcologne.hmkw.de\/eingeveedelt\/wp-content\/uploads\/sites\/139\/2019\/07\/Jan-Philipp-Chluba.jpg\"><img loading=\"lazy\" class=\"alignnone size-medium wp-image-1069\" src=\"http:\/\/journalcologne.hmkw.de\/eingeveedelt\/wp-content\/uploads\/sites\/139\/2019\/07\/Jan-Philipp-Chluba-278x300.jpg\" alt=\"\" width=\"278\" height=\"300\" srcset=\"http:\/\/journalcologne.hmkw.de\/eingeveedelt\/wp-content\/uploads\/sites\/139\/2019\/07\/Jan-Philipp-Chluba-278x300.jpg 278w, http:\/\/journalcologne.hmkw.de\/eingeveedelt\/wp-content\/uploads\/sites\/139\/2019\/07\/Jan-Philipp-Chluba-768x828.jpg 768w, http:\/\/journalcologne.hmkw.de\/eingeveedelt\/wp-content\/uploads\/sites\/139\/2019\/07\/Jan-Philipp-Chluba-949x1024.jpg 949w\" sizes=\"(max-width: 278px) 100vw, 278px\" \/><\/a><\/strong><\/p>\n<p><strong>Jan<\/strong> wohnt seit mittlerweile 7 Jahren \u00a0in K\u00f6ln. Erst S\u00fclz dann Ehrenfeld und jetzt wieder in S\u00fclz. Den geb\u00fcrtigen Ruhrpottler kriegt man hier nicht mehr weg, weil er immer auf der Suche nach k\u00f6lschen Lokalgeschichten ist.<\/p>\n<p><strong><a href=\"http:\/\/journalcologne.hmkw.de\/eingeveedelt\/wp-content\/uploads\/sites\/139\/2019\/07\/WhatsApp-Image-2019-07-09-at-12.17.19.jpeg\"><img loading=\"lazy\" class=\"alignnone size-medium wp-image-1127\" src=\"http:\/\/journalcologne.hmkw.de\/eingeveedelt\/wp-content\/uploads\/sites\/139\/2019\/07\/WhatsApp-Image-2019-07-09-at-12.17.19-288x300.jpeg\" alt=\"\" width=\"288\" height=\"300\" srcset=\"http:\/\/journalcologne.hmkw.de\/eingeveedelt\/wp-content\/uploads\/sites\/139\/2019\/07\/WhatsApp-Image-2019-07-09-at-12.17.19-288x300.jpeg 288w, http:\/\/journalcologne.hmkw.de\/eingeveedelt\/wp-content\/uploads\/sites\/139\/2019\/07\/WhatsApp-Image-2019-07-09-at-12.17.19-768x801.jpeg 768w, http:\/\/journalcologne.hmkw.de\/eingeveedelt\/wp-content\/uploads\/sites\/139\/2019\/07\/WhatsApp-Image-2019-07-09-at-12.17.19-982x1024.jpeg 982w, http:\/\/journalcologne.hmkw.de\/eingeveedelt\/wp-content\/uploads\/sites\/139\/2019\/07\/WhatsApp-Image-2019-07-09-at-12.17.19.jpeg 1022w\" sizes=\"(max-width: 288px) 100vw, 288px\" \/><\/a><\/strong><\/p>\n<p><strong>Kai <\/strong>ist von Valencia nach K\u00f6ln gezogen, um zum ersten Mal in seinem Leben Schnee zu sehen. In seiner Freizeit isst er gerne Schinken und arbeitet an seinem Akzent.<\/p>\n<p><strong><a href=\"http:\/\/journalcologne.hmkw.de\/eingeveedelt\/wp-content\/uploads\/sites\/139\/2019\/07\/WhatsApp-Image-2019-07-09-at-10.14.28.jpeg\"><img loading=\"lazy\" class=\"alignnone size-medium wp-image-1064\" src=\"http:\/\/journalcologne.hmkw.de\/eingeveedelt\/wp-content\/uploads\/sites\/139\/2019\/07\/WhatsApp-Image-2019-07-09-at-10.14.28-300x281.jpeg\" alt=\"\" width=\"300\" height=\"281\" srcset=\"http:\/\/journalcologne.hmkw.de\/eingeveedelt\/wp-content\/uploads\/sites\/139\/2019\/07\/WhatsApp-Image-2019-07-09-at-10.14.28-300x281.jpeg 300w, http:\/\/journalcologne.hmkw.de\/eingeveedelt\/wp-content\/uploads\/sites\/139\/2019\/07\/WhatsApp-Image-2019-07-09-at-10.14.28-768x720.jpeg 768w, http:\/\/journalcologne.hmkw.de\/eingeveedelt\/wp-content\/uploads\/sites\/139\/2019\/07\/WhatsApp-Image-2019-07-09-at-10.14.28-1024x960.jpeg 1024w, http:\/\/journalcologne.hmkw.de\/eingeveedelt\/wp-content\/uploads\/sites\/139\/2019\/07\/WhatsApp-Image-2019-07-09-at-10.14.28.jpeg 1600w\" sizes=\"(max-width: 300px) 100vw, 300px\" \/><\/a><\/strong><\/p>\n<p><strong>Jo\u00ebl<\/strong> ist der Franzose in der Bande. Isst er gerade kein Baguette, vertreibt er sich die Zeit mit Sport, Lesen und Musikh\u00f6ren. Mit seinem ausgepr\u00e4gten schwarzen Humor bringt \u201eJacques\u201c Schwung in die Bude.<\/p>\n<p><a href=\"http:\/\/journalcologne.hmkw.de\/eingeveedelt\/wp-content\/uploads\/sites\/139\/2019\/07\/Bildschirmfoto-2019-07-09-um-10.00.47.png\"><img loading=\"lazy\" class=\"alignnone size-medium wp-image-1057\" src=\"http:\/\/journalcologne.hmkw.de\/eingeveedelt\/wp-content\/uploads\/sites\/139\/2019\/07\/Bildschirmfoto-2019-07-09-um-10.00.47-300x249.png\" alt=\"\" width=\"300\" height=\"249\" srcset=\"http:\/\/journalcologne.hmkw.de\/eingeveedelt\/wp-content\/uploads\/sites\/139\/2019\/07\/Bildschirmfoto-2019-07-09-um-10.00.47-300x249.png 300w, http:\/\/journalcologne.hmkw.de\/eingeveedelt\/wp-content\/uploads\/sites\/139\/2019\/07\/Bildschirmfoto-2019-07-09-um-10.00.47-768x638.png 768w, http:\/\/journalcologne.hmkw.de\/eingeveedelt\/wp-content\/uploads\/sites\/139\/2019\/07\/Bildschirmfoto-2019-07-09-um-10.00.47.png 832w\" sizes=\"(max-width: 300px) 100vw, 300px\" \/><\/a><\/p>\n<p>Kaffee, Pasta, und Amore \u2013 Das sind nicht die einzigen Leidenschaften unserer \u201erasenden Reporterin\u201c <b>Celine<\/b> aus dem <i>Dolce Vita<\/i>-Land, ihre gr\u00f6\u00dfte gilt dem H\u00f6rfunk. Mit ihrem sonnigen Gem\u00fct und einem vollgeladenen Tascam entlockt sie den Menschen spannende Geschichten.<\/p>\n<p><a href=\"http:\/\/journalcologne.hmkw.de\/eingeveedelt\/wp-content\/uploads\/sites\/139\/2019\/07\/WhatsApp-Image-2019-07-09-at-10.22.30.jpeg\"><img loading=\"lazy\" class=\"alignnone size-medium wp-image-1076\" src=\"http:\/\/journalcologne.hmkw.de\/eingeveedelt\/wp-content\/uploads\/sites\/139\/2019\/07\/WhatsApp-Image-2019-07-09-at-10.22.30-300x200.jpeg\" alt=\"\" width=\"300\" height=\"200\" srcset=\"http:\/\/journalcologne.hmkw.de\/eingeveedelt\/wp-content\/uploads\/sites\/139\/2019\/07\/WhatsApp-Image-2019-07-09-at-10.22.30-300x200.jpeg 300w, http:\/\/journalcologne.hmkw.de\/eingeveedelt\/wp-content\/uploads\/sites\/139\/2019\/07\/WhatsApp-Image-2019-07-09-at-10.22.30-768x511.jpeg 768w, http:\/\/journalcologne.hmkw.de\/eingeveedelt\/wp-content\/uploads\/sites\/139\/2019\/07\/WhatsApp-Image-2019-07-09-at-10.22.30-1024x682.jpeg 1024w, http:\/\/journalcologne.hmkw.de\/eingeveedelt\/wp-content\/uploads\/sites\/139\/2019\/07\/WhatsApp-Image-2019-07-09-at-10.22.30.jpeg 1600w\" sizes=\"(max-width: 300px) 100vw, 300px\" \/><\/a><\/p>\n<p>Moin Moin! W\u00e4hrend es typisch f\u00fcr <em>Hamburch<\/em> windet und regnet, strahlt unsere Elb-Perle Anika nur so vor Herzlichkeit. Ihre St\u00e4rke: Nur <strong>Anika<\/strong> schafft es, sp\u00e4ter als die <em>Deutsche Bahn<\/em> zu kommen. Mit ihren akribisch recherchierten Artikeln gilt Anika als unsere Expertin in Sachen Nachhaltigkeit.<\/p>\n<p><strong><a href=\"http:\/\/journalcologne.hmkw.de\/eingeveedelt\/wp-content\/uploads\/sites\/139\/2019\/07\/Karla.jpeg\"><img loading=\"lazy\" class=\"alignnone size-medium wp-image-1063\" src=\"http:\/\/journalcologne.hmkw.de\/eingeveedelt\/wp-content\/uploads\/sites\/139\/2019\/07\/Karla-203x300.jpeg\" alt=\"\" width=\"203\" height=\"300\" srcset=\"http:\/\/journalcologne.hmkw.de\/eingeveedelt\/wp-content\/uploads\/sites\/139\/2019\/07\/Karla-203x300.jpeg 203w, http:\/\/journalcologne.hmkw.de\/eingeveedelt\/wp-content\/uploads\/sites\/139\/2019\/07\/Karla.jpeg 692w\" sizes=\"(max-width: 203px) 100vw, 203px\" \/><\/a><\/strong><\/p>\n<p><strong>Karla<\/strong> ist die Lokalpatriotin in der Runde. Die k\u00f6lsche Frohnatur ist mit ganzem Herzen FC-Fan und erfahrene Karnevalistin. Sie ist f\u00fcr den Blog als Spezialistin in Sachen \u201eEcht K\u00f6lsch\u201c unterwegs.<\/p>\n<p><strong><a href=\"http:\/\/journalcologne.hmkw.de\/eingeveedelt\/wp-content\/uploads\/sites\/139\/2019\/07\/Autorenfoto.jpg\"><img loading=\"lazy\" class=\"alignnone size-medium wp-image-1084\" src=\"http:\/\/journalcologne.hmkw.de\/eingeveedelt\/wp-content\/uploads\/sites\/139\/2019\/07\/Autorenfoto-300x225.jpg\" alt=\"\" width=\"300\" height=\"225\" srcset=\"http:\/\/journalcologne.hmkw.de\/eingeveedelt\/wp-content\/uploads\/sites\/139\/2019\/07\/Autorenfoto-300x225.jpg 300w, http:\/\/journalcologne.hmkw.de\/eingeveedelt\/wp-content\/uploads\/sites\/139\/2019\/07\/Autorenfoto-768x576.jpg 768w, http:\/\/journalcologne.hmkw.de\/eingeveedelt\/wp-content\/uploads\/sites\/139\/2019\/07\/Autorenfoto-1024x768.jpg 1024w, http:\/\/journalcologne.hmkw.de\/eingeveedelt\/wp-content\/uploads\/sites\/139\/2019\/07\/Autorenfoto.jpg 1280w\" sizes=\"(max-width: 300px) 100vw, 300px\" \/><\/a><\/strong><\/p>\n<p><strong>Melina<\/strong> ist 22 Jahre alt und stolze Katzenmama von zwei Maine Coons. Sie liebt schwarzen Lippenstift, Bananen Mate und Metal. In ihrer Freizeit zockt sie gern und schreibt an ihren eigenen Geschichten.<\/p>\n","protected":false},"excerpt":{"rendered":"<p>Wir \u2013 das sind Joana, Ariane, Jan, Kai, Jo\u00ebl, Celine, Anika, Karla und Melina. Wir sind im Alter von 21 bis 28 Jahren und studieren gemeinsam im \u00a0Masterstudiengang Konvergenter Journalismus an der HMKW in K\u00f6ln-Zollstock. Neben spannenden und lustigen Geschichten haben wir hier auf unserem Blog auch wissenswerte Fakten zusammengetragen und interessante Gespr\u00e4che gef\u00fchrt.\u00a0Klickt, lest, &hellip; <a href=\"http:\/\/journalcologne.hmkw.de\/eingeveedelt\/beispiel-seite\/\" class=\"more-link\"><span class=\"screen-reader-text\">Wir \u00fcber uns<\/span> weiterlesen <span class=\"meta-nav\">&rarr;<\/span><\/a><\/p>\n","protected":false},"author":155,"featured_media":1067,"parent":0,"menu_order":0,"comment_status":"closed","ping_status":"open","template":"","meta":{"ngg_post_thumbnail":0,"spay_email":""},"yoast_head":"<!-- This site is optimized with the Yoast SEO plugin v16.2 - https:\/\/yoast.com\/wordpress\/plugins\/seo\/ -->\n<meta name=\"robots\" content=\"index, follow, max-snippet:-1, max-image-preview:large, max-video-preview:-1\" \/>\n<link rel=\"canonical\" href=\"http:\/\/journalcologne.hmkw.de\/eingeveedelt\/beispiel-seite\/\" \/>\n<meta property=\"og:locale\" content=\"de_DE\" \/>\n<meta property=\"og:type\" content=\"article\" \/>\n<meta property=\"og:title\" content=\"Wir \u00fcber uns - eingeVeedelt\" \/>\n<meta property=\"og:description\" content=\"Wir \u2013 das sind Joana, Ariane, Jan, Kai, Jo\u00ebl, Celine, Anika, Karla und Melina. Wir sind im Alter von 21 bis 28 Jahren und studieren gemeinsam im \u00a0Masterstudiengang Konvergenter Journalismus an der HMKW in K\u00f6ln-Zollstock. Neben spannenden und lustigen Geschichten haben wir hier auf unserem Blog auch wissenswerte Fakten zusammengetragen und interessante Gespr\u00e4che gef\u00fchrt.\u00a0Klickt, lest, &hellip; Wir \u00fcber uns weiterlesen &rarr;\" \/>\n<meta property=\"og:url\" content=\"http:\/\/journalcologne.hmkw.de\/eingeveedelt\/beispiel-seite\/\" \/>\n<meta property=\"og:site_name\" content=\"eingeVeedelt\" \/>\n<meta property=\"article:modified_time\" content=\"2019-08-02T14:42:13+00:00\" \/>\n<meta property=\"og:image\" content=\"http:\/\/journalcologne.hmkw.de\/eingeveedelt\/wp-content\/uploads\/sites\/139\/2019\/07\/IMG_1855.jpg\" \/>\n\t<meta property=\"og:image:width\" content=\"4272\" \/>\n\t<meta property=\"og:image:height\" content=\"2848\" \/>\n<meta name=\"twitter:card\" content=\"summary\" \/>\n<meta name=\"twitter:label1\" content=\"Gesch\u00e4tzte Lesezeit\">\n\t<meta name=\"twitter:data1\" content=\"2\u00a0Minuten\">\n<script type=\"application\/ld+json\" class=\"yoast-schema-graph\">{\"@context\":\"https:\/\/schema.org\",\"@graph\":[{\"@type\":\"WebSite\",\"@id\":\"http:\/\/journalcologne.hmkw.de\/eingeveedelt\/#website\",\"url\":\"http:\/\/journalcologne.hmkw.de\/eingeveedelt\/\",\"name\":\"eingeVeedelt\",\"description\":\"Journalistischer Blog \\u00fcber die Veedel von K\\u00f6ln\",\"potentialAction\":[{\"@type\":\"SearchAction\",\"target\":\"http:\/\/journalcologne.hmkw.de\/eingeveedelt\/?s={search_term_string}\",\"query-input\":\"required name=search_term_string\"}],\"inLanguage\":\"de\"},{\"@type\":\"ImageObject\",\"@id\":\"http:\/\/journalcologne.hmkw.de\/eingeveedelt\/beispiel-seite\/#primaryimage\",\"inLanguage\":\"de\",\"url\":\"http:\/\/journalcologne.hmkw.de\/eingeveedelt\/wp-content\/uploads\/sites\/139\/2019\/07\/IMG_1855.jpg\",\"contentUrl\":\"http:\/\/journalcologne.hmkw.de\/eingeveedelt\/wp-content\/uploads\/sites\/139\/2019\/07\/IMG_1855.jpg\",\"width\":4272,\"height\":2848},{\"@type\":\"WebPage\",\"@id\":\"http:\/\/journalcologne.hmkw.de\/eingeveedelt\/beispiel-seite\/#webpage\",\"url\":\"http:\/\/journalcologne.hmkw.de\/eingeveedelt\/beispiel-seite\/\",\"name\":\"Wir \\u00fcber uns - eingeVeedelt\",\"isPartOf\":{\"@id\":\"http:\/\/journalcologne.hmkw.de\/eingeveedelt\/#website\"},\"primaryImageOfPage\":{\"@id\":\"http:\/\/journalcologne.hmkw.de\/eingeveedelt\/beispiel-seite\/#primaryimage\"},\"datePublished\":\"2018-06-12T08:00:31+00:00\",\"dateModified\":\"2019-08-02T14:42:13+00:00\",\"breadcrumb\":{\"@id\":\"http:\/\/journalcologne.hmkw.de\/eingeveedelt\/beispiel-seite\/#breadcrumb\"},\"inLanguage\":\"de\",\"potentialAction\":[{\"@type\":\"ReadAction\",\"target\":[\"http:\/\/journalcologne.hmkw.de\/eingeveedelt\/beispiel-seite\/\"]}]},{\"@type\":\"BreadcrumbList\",\"@id\":\"http:\/\/journalcologne.hmkw.de\/eingeveedelt\/beispiel-seite\/#breadcrumb\",\"itemListElement\":[{\"@type\":\"ListItem\",\"position\":1,\"item\":{\"@type\":\"WebPage\",\"@id\":\"http:\/\/journalcologne.hmkw.de\/eingeveedelt\/\",\"url\":\"http:\/\/journalcologne.hmkw.de\/eingeveedelt\/\",\"name\":\"Home\"}},{\"@type\":\"ListItem\",\"position\":2,\"item\":{\"@id\":\"http:\/\/journalcologne.hmkw.de\/eingeveedelt\/beispiel-seite\/#webpage\"}}]}]}<\/script>\n<!-- \/ Yoast SEO plugin. -->","_links":{"self":[{"href":"http:\/\/journalcologne.hmkw.de\/eingeveedelt\/wp-json\/wp\/v2\/pages\/2"}],"collection":[{"href":"http:\/\/journalcologne.hmkw.de\/eingeveedelt\/wp-json\/wp\/v2\/pages"}],"about":[{"href":"http:\/\/journalcologne.hmkw.de\/eingeveedelt\/wp-json\/wp\/v2\/types\/page"}],"author":[{"embeddable":true,"href":"http:\/\/journalcologne.hmkw.de\/eingeveedelt\/wp-json\/wp\/v2\/users\/155"}],"replies":[{"embeddable":true,"href":"http:\/\/journalcologne.hmkw.de\/eingeveedelt\/wp-json\/wp\/v2\/comments?post=2"}],"version-history":[{"count":26,"href":"http:\/\/journalcologne.hmkw.de\/eingeveedelt\/wp-json\/wp\/v2\/pages\/2\/revisions"}],"predecessor-version":[{"id":1278,"href":"http:\/\/journalcologne.hmkw.de\/eingeveedelt\/wp-json\/wp\/v2\/pages\/2\/revisions\/1278"}],"wp:featuredmedia":[{"embeddable":true,"href":"http:\/\/journalcologne.hmkw.de\/eingeveedelt\/wp-json\/wp\/v2\/media\/1067"}],"wp:attachment":[{"href":"http:\/\/journalcologne.hmkw.de\/eingeveedelt\/wp-json\/wp\/v2\/media?parent=2"}],"curies":[{"name":"wp","href":"https:\/\/api.w.org\/{rel}","templated":true}]}}