{"id":26,"date":"2018-06-12T11:34:51","date_gmt":"2018-06-12T09:34:51","guid":{"rendered":"http:\/\/journalcologne.hmkw.de\/eingeveedelt\/?page_id=26"},"modified":"2018-06-12T11:38:07","modified_gmt":"2018-06-12T09:38:07","slug":"ueber-eingeveedelt","status":"publish","type":"page","link":"http:\/\/journalcologne.hmkw.de\/eingeveedelt\/ueber-eingeveedelt\/","title":{"rendered":"\u00dcber eingeVeedelt"},"content":{"rendered":"<p>&#8222;eingeVeedelt&#8220; ist ein Projekt des Masterkurses &#8222;Konvergenter Journalismus&#8220; der Hochschule f\u00fcr Medien, Kommunikation und Wirtschaft in K\u00f6ln.<\/p>\n<p>Ihr seid neu in der selbsternannten &#8222;Jeckenhauptstadt&#8220; und sucht eine Wohnung? Oder lieber eine WG? Lieber S\u00fcdstadt, S\u00fclz oder Ehrenfeld? Ihr wollt wissen, wie ihr am besten eure Freizeit gestaltet? Wo ihr kostenlos Sport treiben k\u00f6nnt? M\u00f6gt ihr ein &#8222;alternatives&#8220; Leben ohne Verpackung oder braucht ihr Insider-Tipps f\u00fcr die besten Locations im Belgischen Viertel?<\/p>\n<p>Dann seid ihr auf unserem Blog genau richtig! Wir zeigen&nbsp;euch die angesagtesten B\u00fcdchen der Stadt, den Bazar de Nuit im Odonien in Nippes und wo du die gr\u00fcnsten Ecken der Stadt genie\u00dfen kannst. Au\u00dferdem verraten wir euch, wie man Stress mit dem Vermieter vermeiden kann, was du tun kannst, wenn du nach 200 WG-Castings und Wohnungsbesichtigungen immer noch keine Bleibe gefunden hast und wie sich Frauen in ihrem Veedel am sichersten f\u00fchlen. Wir zeigen euch die verschiedenen WG-Typen, auf die ihr euch in eurer potentiellen neuen Wohngemeinschaft einstellen m\u00fcsst.&nbsp;<\/p>\n<p>Schaut euch unsere Videos \u00fcber geplanten Bauprojekte der Stadt an. Kommt mit uns zu den sch\u00f6nsten B\u00fcdchen in S\u00fclz und Braunsfeld und erfahrt alles \u00fcber die interessantesten Orte, die man auf jeden Fall in K\u00f6ln besucht haben muss. H\u00f6rt euch die Erfahrungen der K\u00f6lner an, wie sie an ihre Wohnungen gekommen sind, ob sie in einer WG wohnen und welches gerade das hipste Veedel der Stadt ist.&nbsp;<\/p>\n","protected":false},"excerpt":{"rendered":"<p>&#8222;eingeVeedelt&#8220; ist ein Projekt des Masterkurses &#8222;Konvergenter Journalismus&#8220; der Hochschule f\u00fcr Medien, Kommunikation und Wirtschaft in K\u00f6ln. Ihr seid neu in der selbsternannten &#8222;Jeckenhauptstadt&#8220; und sucht eine Wohnung? Oder lieber eine WG? Lieber S\u00fcdstadt, S\u00fclz oder Ehrenfeld? Ihr wollt wissen, wie ihr am besten eure Freizeit gestaltet? Wo ihr kostenlos Sport treiben k\u00f6nnt? M\u00f6gt ihr &hellip; <a href=\"http:\/\/journalcologne.hmkw.de\/eingeveedelt\/ueber-eingeveedelt\/\" class=\"more-link\"><span class=\"screen-reader-text\">\u00dcber eingeVeedelt<\/span> weiterlesen <span class=\"meta-nav\">&rarr;<\/span><\/a><\/p>\n","protected":false},"author":155,"featured_media":0,"parent":0,"menu_order":0,"comment_status":"closed","ping_status":"closed","template":"","meta":{"ngg_post_thumbnail":0,"spay_email":""},"yoast_head":"<!-- This site is optimized with the Yoast SEO plugin v16.2 - https:\/\/yoast.com\/wordpress\/plugins\/seo\/ -->\n<meta name=\"robots\" content=\"index, follow, max-snippet:-1, max-image-preview:large, max-video-preview:-1\" \/>\n<link rel=\"canonical\" href=\"http:\/\/journalcologne.hmkw.de\/eingeveedelt\/ueber-eingeveedelt\/\" \/>\n<meta property=\"og:locale\" content=\"de_DE\" \/>\n<meta property=\"og:type\" content=\"article\" \/>\n<meta property=\"og:title\" content=\"\u00dcber eingeVeedelt - eingeVeedelt\" \/>\n<meta property=\"og:description\" content=\"&#8222;eingeVeedelt&#8220; ist ein Projekt des Masterkurses &#8222;Konvergenter Journalismus&#8220; der Hochschule f\u00fcr Medien, Kommunikation und Wirtschaft in K\u00f6ln. Ihr seid neu in der selbsternannten &#8222;Jeckenhauptstadt&#8220; und sucht eine Wohnung? Oder lieber eine WG? Lieber S\u00fcdstadt, S\u00fclz oder Ehrenfeld? Ihr wollt wissen, wie ihr am besten eure Freizeit gestaltet? Wo ihr kostenlos Sport treiben k\u00f6nnt? M\u00f6gt ihr &hellip; \u00dcber eingeVeedelt weiterlesen &rarr;\" \/>\n<meta property=\"og:url\" content=\"http:\/\/journalcologne.hmkw.de\/eingeveedelt\/ueber-eingeveedelt\/\" \/>\n<meta property=\"og:site_name\" content=\"eingeVeedelt\" \/>\n<meta property=\"article:modified_time\" content=\"2018-06-12T09:38:07+00:00\" \/>\n<meta name=\"twitter:card\" content=\"summary\" \/>\n<meta name=\"twitter:label1\" content=\"Gesch\u00e4tzte Lesezeit\">\n\t<meta name=\"twitter:data1\" content=\"1\u00a0Minute\">\n<script type=\"application\/ld+json\" class=\"yoast-schema-graph\">{\"@context\":\"https:\/\/schema.org\",\"@graph\":[{\"@type\":\"WebSite\",\"@id\":\"http:\/\/journalcologne.hmkw.de\/eingeveedelt\/#website\",\"url\":\"http:\/\/journalcologne.hmkw.de\/eingeveedelt\/\",\"name\":\"eingeVeedelt\",\"description\":\"Journalistischer Blog \\u00fcber die Veedel von K\\u00f6ln\",\"potentialAction\":[{\"@type\":\"SearchAction\",\"target\":\"http:\/\/journalcologne.hmkw.de\/eingeveedelt\/?s={search_term_string}\",\"query-input\":\"required name=search_term_string\"}],\"inLanguage\":\"de\"},{\"@type\":\"WebPage\",\"@id\":\"http:\/\/journalcologne.hmkw.de\/eingeveedelt\/ueber-eingeveedelt\/#webpage\",\"url\":\"http:\/\/journalcologne.hmkw.de\/eingeveedelt\/ueber-eingeveedelt\/\",\"name\":\"\\u00dcber eingeVeedelt - eingeVeedelt\",\"isPartOf\":{\"@id\":\"http:\/\/journalcologne.hmkw.de\/eingeveedelt\/#website\"},\"datePublished\":\"2018-06-12T09:34:51+00:00\",\"dateModified\":\"2018-06-12T09:38:07+00:00\",\"breadcrumb\":{\"@id\":\"http:\/\/journalcologne.hmkw.de\/eingeveedelt\/ueber-eingeveedelt\/#breadcrumb\"},\"inLanguage\":\"de\",\"potentialAction\":[{\"@type\":\"ReadAction\",\"target\":[\"http:\/\/journalcologne.hmkw.de\/eingeveedelt\/ueber-eingeveedelt\/\"]}]},{\"@type\":\"BreadcrumbList\",\"@id\":\"http:\/\/journalcologne.hmkw.de\/eingeveedelt\/ueber-eingeveedelt\/#breadcrumb\",\"itemListElement\":[{\"@type\":\"ListItem\",\"position\":1,\"item\":{\"@type\":\"WebPage\",\"@id\":\"http:\/\/journalcologne.hmkw.de\/eingeveedelt\/\",\"url\":\"http:\/\/journalcologne.hmkw.de\/eingeveedelt\/\",\"name\":\"Home\"}},{\"@type\":\"ListItem\",\"position\":2,\"item\":{\"@id\":\"http:\/\/journalcologne.hmkw.de\/eingeveedelt\/ueber-eingeveedelt\/#webpage\"}}]}]}<\/script>\n<!-- \/ Yoast SEO plugin. -->","_links":{"self":[{"href":"http:\/\/journalcologne.hmkw.de\/eingeveedelt\/wp-json\/wp\/v2\/pages\/26"}],"collection":[{"href":"http:\/\/journalcologne.hmkw.de\/eingeveedelt\/wp-json\/wp\/v2\/pages"}],"about":[{"href":"http:\/\/journalcologne.hmkw.de\/eingeveedelt\/wp-json\/wp\/v2\/types\/page"}],"author":[{"embeddable":true,"href":"http:\/\/journalcologne.hmkw.de\/eingeveedelt\/wp-json\/wp\/v2\/users\/155"}],"replies":[{"embeddable":true,"href":"http:\/\/journalcologne.hmkw.de\/eingeveedelt\/wp-json\/wp\/v2\/comments?post=26"}],"version-history":[{"count":3,"href":"http:\/\/journalcologne.hmkw.de\/eingeveedelt\/wp-json\/wp\/v2\/pages\/26\/revisions"}],"predecessor-version":[{"id":45,"href":"http:\/\/journalcologne.hmkw.de\/eingeveedelt\/wp-json\/wp\/v2\/pages\/26\/revisions\/45"}],"wp:attachment":[{"href":"http:\/\/journalcologne.hmkw.de\/eingeveedelt\/wp-json\/wp\/v2\/media?parent=26"}],"curies":[{"name":"wp","href":"https:\/\/api.w.org\/{rel}","templated":true}]}}