{"id":293,"date":"2020-02-05T10:50:06","date_gmt":"2020-02-05T09:50:06","guid":{"rendered":"http:\/\/journalcologne.hmkw.de\/ju15d-online-journalismus\/?page_id=293"},"modified":"2025-05-14T08:32:08","modified_gmt":"2025-05-14T06:32:08","slug":"koelns-moderne-veedelkultur-vom-chlodwigplatz-bis-chorweiler","status":"publish","type":"page","link":"http:\/\/journalcologne.hmkw.de\/ju15d-online-journalismus\/koelns-moderne-veedelkultur-vom-chlodwigplatz-bis-chorweiler\/","title":{"rendered":"K\u00f6lns moderne Veedelkultur- Vom Chlodwigplatz bis Chorweiler"},"content":{"rendered":"\n<p>1 Millionen Menschen leben in K\u00f6ln. Tausende Menschen aus aller Welt kommen Tag f\u00fcr Tag in die Rheinmetropole. Wenn man an K\u00f6ln denkt, denkt man an Toleranz und Vielfalt. Stimmen diese Eigenschaften? In den n\u00e4chsten vier Tagen nehmen wir euch mit auf die Reise durch die vielschichtige K\u00f6lner Kultur. Ob traditionelle Werte der \u00e4lteren Generation, K\u00f6lner Studenten-Hotspots oder Themen wie eine <a href=\"https:\/\/hausarbeit-schreiben.com\/masterarbeit-schreiben-lassen-kosten\/\" style=\"color: inherit;text-decoration: none\">masterarbeit<\/a> \u00fcber urbane Vielfalt \u2013 unsere Beitr\u00e4ge haben eins gemeinsam: die Stra\u00dfenbahn 15. Sie bildet die Nord-S\u00fcd-Ader der Stadt. Vom Chlodwigplatz entlang der Z\u00fclpicher und Neusser Stra\u00dfe bis ins n\u00f6rdliche Chorweiler erfahrt ihr, was die Veedel auszeichnet. Wenn ihr eure eigenen Erfahrungen mit der Redaktion teilen wollt, k\u00f6nnt ihr das unter dem Hashtag \u201e#K\u00f6lnentdecken\u201c.<\/p>\n\n\n\n<figure class=\"wp-block-embed-wordpress wp-block-embed is-type-wp-embed is-provider-oj-blogs-ju-15-d\"><div class=\"wp-block-embed__wrapper\">\n<blockquote class=\"wp-embedded-content\" data-secret=\"vPcc2ZTjbk\"><a href=\"http:\/\/journalcologne.hmkw.de\/ju15d-online-journalismus\/2020\/02\/05\/interaktive-karte-zur-linie-15\/\">Interaktive Karte zur Linie 15<\/a><\/blockquote><iframe title=\"&#8222;Interaktive Karte zur Linie 15&#8220; &#8212; OJ Blogs JU15d\" class=\"wp-embedded-content\" sandbox=\"allow-scripts\" security=\"restricted\" style=\"position: absolute; clip: rect(1px, 1px, 1px, 1px);\" src=\"http:\/\/journalcologne.hmkw.de\/ju15d-online-journalismus\/2020\/02\/05\/interaktive-karte-zur-linie-15\/embed\/#?secret=vPcc2ZTjbk\" data-secret=\"vPcc2ZTjbk\" width=\"600\" height=\"338\" frameborder=\"0\" marginwidth=\"0\" marginheight=\"0\" scrolling=\"no\"><\/iframe>\n<\/div><\/figure>\n\n\n\n<p><\/p>\n\n\n\n<p><strong>Chlodwigplatz &#8211; das Herz der S\u00fcdstadt<\/strong><\/p>\n\n\n\n<p><div class=\"jetpack-video-wrapper\"><span class=\"embed-youtube\" style=\"text-align:center; display: block;\"><iframe class='youtube-player' width='1020' height='574' src='https:\/\/www.youtube.com\/embed\/Zq6lxjd9a2g?version=3&#038;rel=1&#038;showsearch=0&#038;showinfo=1&#038;iv_load_policy=1&#038;fs=1&#038;hl=de-DE&#038;autohide=2&#038;wmode=transparent' allowfullscreen='true' style='border:0;' sandbox='allow-scripts allow-same-origin allow-popups allow-presentation'><\/iframe><\/span><\/div><\/p>\n\n\n\n<p><\/p>\n\n\n\n<p><strong>Kwartier Lat\u00e4ng- Studenten feiern im Nachtleben&nbsp;<\/strong><\/p>\n\n\n\n<p>So wie der Chlodwigplatz, stehen auch andere Orte in K\u00f6ln niemals still. Besondern l\u00e4sst sich das am Z\u00fclpicher Platz erkennen. Das Veedel \u201eKwartier Lat\u00e4ng\u201c ist ein Ort, der besonders in der Nacht von internationalem Publikum aufgesucht wird. Was es dort alles zu erleben gibt und f\u00fcr wen das Veedel interessant ist, erfahrt ihr im folgenden Beitrag.<\/p>\n\n\n\n<figure class=\"wp-block-embed is-type-video is-provider-youtube wp-block-embed-youtube wp-embed-aspect-16-9 wp-has-aspect-ratio\"><div class=\"wp-block-embed__wrapper\">\n<div class=\"jetpack-video-wrapper\"><span class=\"embed-youtube\" style=\"text-align:center; display: block;\"><iframe class='youtube-player' width='1020' height='574' src='https:\/\/www.youtube.com\/embed\/n4yqfF5r56M?version=3&#038;rel=1&#038;showsearch=0&#038;showinfo=1&#038;iv_load_policy=1&#038;fs=1&#038;hl=de-DE&#038;autohide=2&#038;wmode=transparent' allowfullscreen='true' style='border:0;' sandbox='allow-scripts allow-same-origin allow-popups allow-presentation'><\/iframe><\/span><\/div>\n<\/div><\/figure>\n\n\n\n<p><\/p>\n\n\n\n<p><strong>Neusser Stra\u00dfe in K\u00f6ln &#8211; 5 Kilometer lange Vielfalt<\/strong><\/p>\n\n\n\n<p>Der Z\u00fclpicher Platz ist einer der gr\u00f6\u00dften Hotspots K\u00f6lns, wie der Beitrag zeigt. Hier kommt internationales Publikum zusammen, sogar Mexikaner f\u00fchlen sich wohl. Verschiedene Kulturen treffen auch zwei Veedel weiter aufeinander.&nbsp;&nbsp;Wodurch sich das allt\u00e4gliche Leben in Nippes auszeichnet, k\u00f6nnt ihr in der Reportage \u00fcber die Neusser Stra\u00dfe lesen.&nbsp;<\/p>\n\n\n\n<figure class=\"wp-block-embed is-type-rich is-provider-soundcloud wp-block-embed-soundcloud wp-embed-aspect-4-3 wp-has-aspect-ratio\"><div class=\"wp-block-embed__wrapper\">\n<iframe loading=\"lazy\" title=\"Vielfalt auf der Neusser Stra\u00dfe? Wer lebt hier? by Wanessa Lucke\" width=\"1020\" height=\"400\" scrolling=\"no\" frameborder=\"no\" src=\"https:\/\/w.soundcloud.com\/player\/?visual=true&#038;url=https%3A%2F%2Fapi.soundcloud.com%2Ftracks%2F748733713&#038;show_artwork=true&#038;maxwidth=1020&#038;maxheight=1000&#038;dnt=1\"><\/iframe>\n<\/div><\/figure>\n\n\n\n<figure class=\"wp-block-embed-wordpress wp-block-embed\"><div class=\"wp-block-embed__wrapper\">\nhttps:\/\/wp.me\/pbpTnb-32\n<\/div><\/figure>\n\n\n\n<p><strong>K\u00f6lner Vielfalt auch im \u201eAsi-Veedel\u201c Chorweiler?&nbsp;<\/strong><\/p>\n\n\n\n<p>Die Neusser Stra\u00dfe hat sich in den vergangenen Jahren stark ver\u00e4ndert. Diesen Wandel beurteilen nicht alle positiv, bei einem sind sie sich einig &#8211; Vielfalt kann die Neusser Stra\u00dfe definitiv.&nbsp;<\/p>\n\n\n\n<p>Egal, ob bei einem K\u00f6lsch in der Kneipe oder bei einem Chai-Tee \u2013 in Nippes herrscht friedliche Atmosph\u00e4re zwischen den Einwohnern. Doch geht es \u00fcberall in K\u00f6ln freundlich zwischen den Kulturen zu? Ein Gegenbeispiel ist Chorweiler, das denken zumindest viele.<\/p>\n\n\n\n<p><div class=\"jetpack-video-wrapper\"><span class=\"embed-youtube\" style=\"text-align:center; display: block;\"><iframe class='youtube-player' width='1020' height='574' src='https:\/\/www.youtube.com\/embed\/2IDxc1OJjzc?version=3&#038;rel=1&#038;showsearch=0&#038;showinfo=1&#038;iv_load_policy=1&#038;fs=1&#038;hl=de-DE&#038;autohide=2&#038;wmode=transparent' allowfullscreen='true' style='border:0;' sandbox='allow-scripts allow-same-origin allow-popups allow-presentation'><\/iframe><\/span><\/div><\/p>\n\n\n\n<p><\/p>\n\n\n\n<p>Multi-Kulti ist jedoch nicht nur im n\u00f6rdlichen Chorweiler zu finden. Internationalen Kulturen, traditionelles Brauchtum und weltoffene Studenten pr\u00e4gen das Stadtbild. Im s\u00fcdlichen Teil K\u00f6lns hat Tradition f\u00fcr die Bewohner noch immer einen hohen Stellenwert. Der Chlodwigplatz steht mit seinem erhaltenen Teil der Stadtmauer beispielhaft f\u00fcr die Historie, mit der sich vor allem die \u00e4lteren Bewohner identifizieren. Weiter n\u00f6rdlich gelegen sind auch die Z\u00fclpicher und Neusser Stra\u00dfe wichtige Bestandteile der K\u00f6lner Kultur. An diesen Hotspots wird, egal ob Mexikaner oder K\u00f6lner Jeck, zusammen getrunken. Trotz, oder gerade auf Grund dieser Unterschiede, findet die Stadt die Balance zwischen alter Tradition und modernem Zusammenleben. Diese Vielfalt bildet die moderne K\u00f6lner Kultur.&nbsp;<\/p>\n\n\n\n<figure class=\"wp-block-embed-wordpress aligncenter wp-block-embed is-type-wp-embed is-provider-oj-blogs-ju-15-d\"><div class=\"wp-block-embed__wrapper\">\n<blockquote class=\"wp-embedded-content\" data-secret=\"Yb2B4s1BLv\"><a href=\"http:\/\/journalcologne.hmkw.de\/ju15d-online-journalismus\/2020\/02\/05\/infobox-linie-15\/\">INFOBOX Linie 15<\/a><\/blockquote><iframe title=\"&#8222;INFOBOX Linie 15&#8220; &#8212; OJ Blogs JU15d\" class=\"wp-embedded-content\" sandbox=\"allow-scripts\" security=\"restricted\" style=\"position: absolute; clip: rect(1px, 1px, 1px, 1px);\" src=\"http:\/\/journalcologne.hmkw.de\/ju15d-online-journalismus\/2020\/02\/05\/infobox-linie-15\/embed\/#?secret=Yb2B4s1BLv\" data-secret=\"Yb2B4s1BLv\" width=\"600\" height=\"338\" frameborder=\"0\" marginwidth=\"0\" marginheight=\"0\" scrolling=\"no\"><\/iframe>\n<\/div><\/figure>\n","protected":false},"excerpt":{"rendered":"<div class=\"entry-summary\">\n1 Millionen Menschen leben in K\u00f6ln. Tausende Menschen aus aller Welt kommen&hellip;\n<\/div>\n<div class=\"link-more\"><a href=\"http:\/\/journalcologne.hmkw.de\/ju15d-online-journalismus\/koelns-moderne-veedelkultur-vom-chlodwigplatz-bis-chorweiler\/\" class=\"more-link\">Continue reading<span class=\"screen-reader-text\"> &ldquo;K\u00f6lns moderne Veedelkultur- Vom Chlodwigplatz bis Chorweiler&rdquo;<\/span>&hellip;<\/a><\/div>\n","protected":false},"author":215,"featured_media":0,"parent":0,"menu_order":0,"comment_status":"closed","ping_status":"closed","template":"","meta":{"spay_email":""},"jetpack_sharing_enabled":true,"jetpack_shortlink":"https:\/\/wp.me\/PbpTnb-4J","_links":{"self":[{"href":"http:\/\/journalcologne.hmkw.de\/ju15d-online-journalismus\/wp-json\/wp\/v2\/pages\/293"}],"collection":[{"href":"http:\/\/journalcologne.hmkw.de\/ju15d-online-journalismus\/wp-json\/wp\/v2\/pages"}],"about":[{"href":"http:\/\/journalcologne.hmkw.de\/ju15d-online-journalismus\/wp-json\/wp\/v2\/types\/page"}],"author":[{"embeddable":true,"href":"http:\/\/journalcologne.hmkw.de\/ju15d-online-journalismus\/wp-json\/wp\/v2\/users\/215"}],"replies":[{"embeddable":true,"href":"http:\/\/journalcologne.hmkw.de\/ju15d-online-journalismus\/wp-json\/wp\/v2\/comments?post=293"}],"version-history":[{"count":23,"href":"http:\/\/journalcologne.hmkw.de\/ju15d-online-journalismus\/wp-json\/wp\/v2\/pages\/293\/revisions"}],"predecessor-version":[{"id":453,"href":"http:\/\/journalcologne.hmkw.de\/ju15d-online-journalismus\/wp-json\/wp\/v2\/pages\/293\/revisions\/453"}],"wp:attachment":[{"href":"http:\/\/journalcologne.hmkw.de\/ju15d-online-journalismus\/wp-json\/wp\/v2\/media?parent=293"}],"curies":[{"name":"wp","href":"https:\/\/api.w.org\/{rel}","templated":true}]}}